{"id":29484,"date":"2025-03-18T05:59:43","date_gmt":"2025-03-18T11:59:43","guid":{"rendered":"https:\/\/doit.software\/?page_id=29484"},"modified":"2025-10-29T08:36:52","modified_gmt":"2025-10-29T14:36:52","slug":"front-page","status":"publish","type":"page","link":"https:\/\/doit.software\/sv","title":{"rendered":"Home"},"content":{"rendered":"","protected":false},"excerpt":{"rendered":"","protected":false},"author":1,"featured_media":29291,"parent":0,"menu_order":0,"comment_status":"closed","ping_status":"closed","template":"","meta":{"inline_featured_image":false,"footnotes":""},"class_list":["post-29484","page","type-page","status-publish","has-post-thumbnail","hentry"],"acf":[],"yoast_head":"<!-- This site is optimized with the Yoast SEO plugin v26.9 - https:\/\/yoast.com\/product\/yoast-seo-wordpress\/ -->\n<title>Hitta &amp; Anst\u00e4ll Fj\u00e4rrutvecklare: Top 5% IT-Talang | DOIT<\/title>\n<meta name=\"description\" content=\"DOIT \u00e4r en global techpartner f\u00f6r att anst\u00e4lla fj\u00e4rrutvecklare, projektledare, QA och designers f\u00f6r kontrakt eller permanenta roller.\" \/>\n<meta name=\"robots\" content=\"index, follow, max-snippet:-1, max-image-preview:large, max-video-preview:-1\" \/>\n<link rel=\"canonical\" href=\"https:\/\/doit.software\/sv\" \/>\n<meta property=\"og:locale\" content=\"en_US\" \/>\n<meta property=\"og:type\" content=\"article\" \/>\n<meta property=\"og:title\" content=\"Hitta &amp; Anst\u00e4ll Fj\u00e4rrutvecklare: Top 5% IT-Talang | DOIT\" \/>\n<meta property=\"og:description\" content=\"DOIT \u00e4r en global techpartner f\u00f6r att anst\u00e4lla fj\u00e4rrutvecklare, projektledare, QA och designers f\u00f6r kontrakt eller permanenta roller.\" \/>\n<meta property=\"og:url\" content=\"https:\/\/doit.software\/sv\" \/>\n<meta property=\"og:site_name\" content=\"DOIT\" \/>\n<meta property=\"article:modified_time\" content=\"2025-10-29T14:36:52+00:00\" \/>\n<meta property=\"og:image\" content=\"https:\/\/doit.software\/wp-content\/uploads\/2025\/03\/anstall-fjarrutvecklare-doit-sv.png\" \/>\n\t<meta property=\"og:image:width\" content=\"614\" \/>\n\t<meta property=\"og:image:height\" content=\"420\" \/>\n\t<meta property=\"og:image:type\" content=\"image\/png\" \/>\n<meta name=\"twitter:card\" content=\"summary_large_image\" \/>\n<meta name=\"twitter:label1\" content=\"Est. reading time\" \/>\n\t<meta name=\"twitter:data1\" content=\"8 minutes\" \/>\n<script type=\"application\/ld+json\" class=\"yoast-schema-graph\">{\"@context\":\"https:\/\/schema.org\",\"@graph\":[{\"@type\":\"WebPage\",\"@id\":\"https:\/\/doit.software\/sv\",\"url\":\"https:\/\/doit.software\/sv\",\"name\":\"Hitta & Anst\u00e4ll Fj\u00e4rrutvecklare: Top 5% IT-Talang | DOIT\",\"isPartOf\":{\"@id\":\"https:\/\/doit.software\/sv#website\"},\"primaryImageOfPage\":{\"@id\":\"https:\/\/doit.software\/sv#primaryimage\"},\"image\":{\"@id\":\"https:\/\/doit.software\/sv#primaryimage\"},\"thumbnailUrl\":\"\/wp-content\/uploads\/2025\/03\/anstall-fjarrutvecklare-doit-sv.png\",\"datePublished\":\"2025-03-18T11:59:43+00:00\",\"dateModified\":\"2025-10-29T14:36:52+00:00\",\"description\":\"DOIT \u00e4r en global techpartner f\u00f6r att anst\u00e4lla fj\u00e4rrutvecklare, projektledare, QA och designers f\u00f6r kontrakt eller permanenta roller.\",\"breadcrumb\":{\"@id\":\"https:\/\/doit.software\/sv#breadcrumb\"},\"inLanguage\":\"sv-SV\",\"potentialAction\":[{\"@type\":\"ReadAction\",\"target\":[\"https:\/\/doit.software\/sv\"]}]},{\"@type\":\"ImageObject\",\"inLanguage\":\"sv-SV\",\"@id\":\"https:\/\/doit.software\/sv#primaryimage\",\"url\":\"\/wp-content\/uploads\/2025\/03\/anstall-fjarrutvecklare-doit-sv.png\",\"contentUrl\":\"\/wp-content\/uploads\/2025\/03\/anstall-fjarrutvecklare-doit-sv.png\",\"width\":614,\"height\":420,\"caption\":\"anstall fjarrutvecklare doit sv\"},{\"@type\":\"BreadcrumbList\",\"@id\":\"https:\/\/doit.software\/sv#breadcrumb\",\"itemListElement\":[{\"@type\":\"ListItem\",\"position\":1,\"name\":\"Home\",\"item\":\"https:\/\/doit.software\/sv\"},{\"@type\":\"ListItem\",\"position\":2,\"name\":\"Home\"}]},{\"@type\":\"WebSite\",\"@id\":\"https:\/\/doit.software\/sv#website\",\"url\":\"https:\/\/doit.software\/sv\",\"name\":\"DOIT Software\",\"description\":\"IT Staff Augmentation Company\",\"publisher\":{\"@id\":\"https:\/\/doit.software\/sv#organization\"},\"potentialAction\":[{\"@type\":\"SearchAction\",\"target\":{\"@type\":\"EntryPoint\",\"urlTemplate\":\"https:\/\/doit.software\/sv?s={search_term_string}\"},\"query-input\":{\"@type\":\"PropertyValueSpecification\",\"valueRequired\":true,\"valueName\":\"search_term_string\"}}],\"inLanguage\":\"sv-SV\"},{\"@type\":\"Organization\",\"@id\":\"https:\/\/doit.software\/sv#organization\",\"name\":\"DOIT Software\",\"url\":\"https:\/\/doit.software\/sv\",\"logo\":{\"@type\":\"ImageObject\",\"inLanguage\":\"sv-SV\",\"@id\":\"https:\/\/doit.software\/sv#\/schema\/logo\/image\/\",\"url\":\"\/wp-content\/uploads\/2024\/08\/safari-pinned-tab.svg\",\"contentUrl\":\"\/wp-content\/uploads\/2024\/08\/safari-pinned-tab.svg\",\"width\":128,\"height\":128,\"caption\":\"DOIT Software\"},\"image\":{\"@id\":\"https:\/\/doit.software\/sv#\/schema\/logo\/image\/\"}}]}<\/script>\n<!-- \/ Yoast SEO plugin. -->","yoast_head_json":{"title":"Hitta & Anst\u00e4ll Fj\u00e4rrutvecklare: Top 5% IT-Talang | DOIT","description":"DOIT \u00e4r en global techpartner f\u00f6r att anst\u00e4lla fj\u00e4rrutvecklare, projektledare, QA och designers f\u00f6r kontrakt eller permanenta roller.","robots":{"index":"index","follow":"follow","max-snippet":"max-snippet:-1","max-image-preview":"max-image-preview:large","max-video-preview":"max-video-preview:-1"},"canonical":"https:\/\/doit.software\/sv","og_locale":"en_US","og_type":"article","og_title":"Hitta & Anst\u00e4ll Fj\u00e4rrutvecklare: Top 5% IT-Talang | DOIT","og_description":"DOIT \u00e4r en global techpartner f\u00f6r att anst\u00e4lla fj\u00e4rrutvecklare, projektledare, QA och designers f\u00f6r kontrakt eller permanenta roller.","og_url":"https:\/\/doit.software\/sv","og_site_name":"DOIT","article_modified_time":"2025-10-29T14:36:52+00:00","og_image":[{"width":614,"height":420,"url":"https:\/\/doit.software\/wp-content\/uploads\/2025\/03\/anstall-fjarrutvecklare-doit-sv.png","type":"image\/png"}],"twitter_card":"summary_large_image","twitter_misc":{"Est. reading time":"8 minutes"},"schema":{"@context":"https:\/\/schema.org","@graph":[{"@type":"WebPage","@id":"https:\/\/doit.software\/sv","url":"https:\/\/doit.software\/sv","name":"Hitta & Anst\u00e4ll Fj\u00e4rrutvecklare: Top 5% IT-Talang | DOIT","isPartOf":{"@id":"https:\/\/doit.software\/sv#website"},"primaryImageOfPage":{"@id":"https:\/\/doit.software\/sv#primaryimage"},"image":{"@id":"https:\/\/doit.software\/sv#primaryimage"},"thumbnailUrl":"\/wp-content\/uploads\/2025\/03\/anstall-fjarrutvecklare-doit-sv.png","datePublished":"2025-03-18T11:59:43+00:00","dateModified":"2025-10-29T14:36:52+00:00","description":"DOIT \u00e4r en global techpartner f\u00f6r att anst\u00e4lla fj\u00e4rrutvecklare, projektledare, QA och designers f\u00f6r kontrakt eller permanenta roller.","breadcrumb":{"@id":"https:\/\/doit.software\/sv#breadcrumb"},"inLanguage":"sv-SV","potentialAction":[{"@type":"ReadAction","target":["https:\/\/doit.software\/sv"]}]},{"@type":"ImageObject","inLanguage":"sv-SV","@id":"https:\/\/doit.software\/sv#primaryimage","url":"\/wp-content\/uploads\/2025\/03\/anstall-fjarrutvecklare-doit-sv.png","contentUrl":"\/wp-content\/uploads\/2025\/03\/anstall-fjarrutvecklare-doit-sv.png","width":614,"height":420,"caption":"anstall fjarrutvecklare doit sv"},{"@type":"BreadcrumbList","@id":"https:\/\/doit.software\/sv#breadcrumb","itemListElement":[{"@type":"ListItem","position":1,"name":"Home","item":"https:\/\/doit.software\/sv"},{"@type":"ListItem","position":2,"name":"Home"}]},{"@type":"WebSite","@id":"https:\/\/doit.software\/sv#website","url":"https:\/\/doit.software\/sv","name":"DOIT Software","description":"IT Staff Augmentation Company","publisher":{"@id":"https:\/\/doit.software\/sv#organization"},"potentialAction":[{"@type":"SearchAction","target":{"@type":"EntryPoint","urlTemplate":"https:\/\/doit.software\/sv?s={search_term_string}"},"query-input":{"@type":"PropertyValueSpecification","valueRequired":true,"valueName":"search_term_string"}}],"inLanguage":"sv-SV"},{"@type":"Organization","@id":"https:\/\/doit.software\/sv#organization","name":"DOIT Software","url":"https:\/\/doit.software\/sv","logo":{"@type":"ImageObject","inLanguage":"sv-SV","@id":"https:\/\/doit.software\/sv#\/schema\/logo\/image\/","url":"\/wp-content\/uploads\/2024\/08\/safari-pinned-tab.svg","contentUrl":"\/wp-content\/uploads\/2024\/08\/safari-pinned-tab.svg","width":128,"height":128,"caption":"DOIT Software"},"image":{"@id":"https:\/\/doit.software\/sv#\/schema\/logo\/image\/"}}]}},"_links":{"self":[{"href":"https:\/\/doit.software\/sv\/wp-json\/wp\/v2\/pages\/29484","targetHints":{"allow":["GET"]}}],"collection":[{"href":"https:\/\/doit.software\/sv\/wp-json\/wp\/v2\/pages"}],"about":[{"href":"https:\/\/doit.software\/sv\/wp-json\/wp\/v2\/types\/page"}],"author":[{"embeddable":true,"href":"https:\/\/doit.software\/sv\/wp-json\/wp\/v2\/users\/1"}],"replies":[{"embeddable":true,"href":"https:\/\/doit.software\/sv\/wp-json\/wp\/v2\/comments?post=29484"}],"version-history":[{"count":2,"href":"https:\/\/doit.software\/sv\/wp-json\/wp\/v2\/pages\/29484\/revisions"}],"predecessor-version":[{"id":33328,"href":"https:\/\/doit.software\/sv\/wp-json\/wp\/v2\/pages\/29484\/revisions\/33328"}],"wp:featuredmedia":[{"embeddable":true,"href":"https:\/\/doit.software\/sv\/wp-json\/wp\/v2\/media\/29291"}],"wp:attachment":[{"href":"https:\/\/doit.software\/sv\/wp-json\/wp\/v2\/media?parent=29484"}],"curies":[{"name":"wp","href":"https:\/\/api.w.org\/{rel}","templated":true}]}}