{"id":11344,"date":"2021-03-19T10:51:13","date_gmt":"2021-03-19T08:51:13","guid":{"rendered":"https:\/\/doit.software\/staff-augmentation"},"modified":"2024-02-07T11:52:52","modified_gmt":"2024-02-07T17:52:52","slug":"it-bemanning","status":"publish","type":"page","link":"https:\/\/doit.software\/sv\/it-bemanning","title":{"rendered":"Tj\u00e4nst f\u00f6r f\u00f6rst\u00e4rkning av IT-personal"},"content":{"rendered":"","protected":false},"excerpt":{"rendered":"","protected":false},"author":1,"featured_media":5524,"parent":0,"menu_order":0,"comment_status":"closed","ping_status":"closed","template":"","meta":{"inline_featured_image":false,"footnotes":""},"class_list":["post-11344","page","type-page","status-publish","has-post-thumbnail","hentry"],"acf":[],"yoast_head":"<!-- This site is optimized with the Yoast SEO plugin v26.9 - https:\/\/yoast.com\/product\/yoast-seo-wordpress\/ -->\n<title>Tj\u00e4nst f\u00f6r f\u00f6rst\u00e4rkning av IT-personal: hitta b\u00e4sta utvecklarna<\/title>\n<meta name=\"description\" content=\"F\u00f6rst\u00e4rk ditt team och p\u00e5skynda din produktlansering med n\u00f6dv\u00e4ndig expertis genom att anlita de 5 % b\u00e4sta utvecklarna.\" \/>\n<meta name=\"robots\" content=\"index, follow, max-snippet:-1, max-image-preview:large, max-video-preview:-1\" \/>\n<link rel=\"canonical\" href=\"https:\/\/doit.software\/sv\/it-bemanning\" \/>\n<meta property=\"og:locale\" content=\"en_US\" \/>\n<meta property=\"og:type\" content=\"article\" \/>\n<meta property=\"og:title\" content=\"Tj\u00e4nst f\u00f6r f\u00f6rst\u00e4rkning av IT-personal: hitta b\u00e4sta utvecklarna\" \/>\n<meta property=\"og:description\" content=\"F\u00f6rst\u00e4rk ditt team och p\u00e5skynda din produktlansering med n\u00f6dv\u00e4ndig expertis genom att anlita de 5 % b\u00e4sta utvecklarna.\" \/>\n<meta property=\"og:url\" content=\"https:\/\/doit.software\/sv\/it-bemanning\" \/>\n<meta property=\"og:site_name\" content=\"DOIT\" \/>\n<meta property=\"article:modified_time\" content=\"2024-02-07T17:52:52+00:00\" \/>\n<meta property=\"og:image\" content=\"https:\/\/doit.software\/wp-content\/uploads\/2021\/05\/doit.software-custom-software-development-and-it-staff-augmentation.jpg\" \/>\n\t<meta property=\"og:image:width\" content=\"1200\" \/>\n\t<meta property=\"og:image:height\" content=\"628\" \/>\n\t<meta property=\"og:image:type\" content=\"image\/jpeg\" \/>\n<meta name=\"twitter:card\" content=\"summary_large_image\" \/>\n<script type=\"application\/ld+json\" class=\"yoast-schema-graph\">{\"@context\":\"https:\/\/schema.org\",\"@graph\":[{\"@type\":\"WebPage\",\"@id\":\"https:\/\/doit.software\/sv\/it-bemanning\",\"url\":\"https:\/\/doit.software\/sv\/it-bemanning\",\"name\":\"Tj\u00e4nst f\u00f6r f\u00f6rst\u00e4rkning av IT-personal: hitta b\u00e4sta utvecklarna\",\"isPartOf\":{\"@id\":\"https:\/\/doit.software\/sv#website\"},\"primaryImageOfPage\":{\"@id\":\"https:\/\/doit.software\/sv\/it-bemanning#primaryimage\"},\"image\":{\"@id\":\"https:\/\/doit.software\/sv\/it-bemanning#primaryimage\"},\"thumbnailUrl\":\"\/wp-content\/uploads\/2021\/05\/doit.software-custom-software-development-and-it-staff-augmentation.jpg\",\"datePublished\":\"2021-03-19T08:51:13+00:00\",\"dateModified\":\"2024-02-07T17:52:52+00:00\",\"description\":\"F\u00f6rst\u00e4rk ditt team och p\u00e5skynda din produktlansering med n\u00f6dv\u00e4ndig expertis genom att anlita de 5 % b\u00e4sta utvecklarna.\",\"breadcrumb\":{\"@id\":\"https:\/\/doit.software\/sv\/it-bemanning#breadcrumb\"},\"inLanguage\":\"sv-SV\",\"potentialAction\":[{\"@type\":\"ReadAction\",\"target\":[\"https:\/\/doit.software\/sv\/it-bemanning\"]}]},{\"@type\":\"ImageObject\",\"inLanguage\":\"sv-SV\",\"@id\":\"https:\/\/doit.software\/sv\/it-bemanning#primaryimage\",\"url\":\"\/wp-content\/uploads\/2021\/05\/doit.software-custom-software-development-and-it-staff-augmentation.jpg\",\"contentUrl\":\"\/wp-content\/uploads\/2021\/05\/doit.software-custom-software-development-and-it-staff-augmentation.jpg\",\"width\":1200,\"height\":628,\"caption\":\"doit.software custom software development and it staff augmentation\"},{\"@type\":\"BreadcrumbList\",\"@id\":\"https:\/\/doit.software\/sv\/it-bemanning#breadcrumb\",\"itemListElement\":[{\"@type\":\"ListItem\",\"position\":1,\"name\":\"Home\",\"item\":\"https:\/\/doit.software\/sv\"},{\"@type\":\"ListItem\",\"position\":2,\"name\":\"Tj\u00e4nst f\u00f6r f\u00f6rst\u00e4rkning av IT-personal\"}]},{\"@type\":\"WebSite\",\"@id\":\"https:\/\/doit.software\/sv#website\",\"url\":\"https:\/\/doit.software\/sv\",\"name\":\"DOIT Software\",\"description\":\"IT Staff Augmentation Company\",\"publisher\":{\"@id\":\"https:\/\/doit.software\/sv#organization\"},\"potentialAction\":[{\"@type\":\"SearchAction\",\"target\":{\"@type\":\"EntryPoint\",\"urlTemplate\":\"https:\/\/doit.software\/sv?s={search_term_string}\"},\"query-input\":{\"@type\":\"PropertyValueSpecification\",\"valueRequired\":true,\"valueName\":\"search_term_string\"}}],\"inLanguage\":\"sv-SV\"},{\"@type\":\"Organization\",\"@id\":\"https:\/\/doit.software\/sv#organization\",\"name\":\"DOIT Software\",\"url\":\"https:\/\/doit.software\/sv\",\"logo\":{\"@type\":\"ImageObject\",\"inLanguage\":\"sv-SV\",\"@id\":\"https:\/\/doit.software\/sv#\/schema\/logo\/image\/\",\"url\":\"\/wp-content\/uploads\/2024\/08\/safari-pinned-tab.svg\",\"contentUrl\":\"\/wp-content\/uploads\/2024\/08\/safari-pinned-tab.svg\",\"width\":128,\"height\":128,\"caption\":\"DOIT Software\"},\"image\":{\"@id\":\"https:\/\/doit.software\/sv#\/schema\/logo\/image\/\"}}]}<\/script>\n<!-- \/ Yoast SEO plugin. -->","yoast_head_json":{"title":"Tj\u00e4nst f\u00f6r f\u00f6rst\u00e4rkning av IT-personal: hitta b\u00e4sta utvecklarna","description":"F\u00f6rst\u00e4rk ditt team och p\u00e5skynda din produktlansering med n\u00f6dv\u00e4ndig expertis genom att anlita de 5 % b\u00e4sta utvecklarna.","robots":{"index":"index","follow":"follow","max-snippet":"max-snippet:-1","max-image-preview":"max-image-preview:large","max-video-preview":"max-video-preview:-1"},"canonical":"https:\/\/doit.software\/sv\/it-bemanning","og_locale":"en_US","og_type":"article","og_title":"Tj\u00e4nst f\u00f6r f\u00f6rst\u00e4rkning av IT-personal: hitta b\u00e4sta utvecklarna","og_description":"F\u00f6rst\u00e4rk ditt team och p\u00e5skynda din produktlansering med n\u00f6dv\u00e4ndig expertis genom att anlita de 5 % b\u00e4sta utvecklarna.","og_url":"https:\/\/doit.software\/sv\/it-bemanning","og_site_name":"DOIT","article_modified_time":"2024-02-07T17:52:52+00:00","og_image":[{"width":1200,"height":628,"url":"https:\/\/doit.software\/wp-content\/uploads\/2021\/05\/doit.software-custom-software-development-and-it-staff-augmentation.jpg","type":"image\/jpeg"}],"twitter_card":"summary_large_image","schema":{"@context":"https:\/\/schema.org","@graph":[{"@type":"WebPage","@id":"https:\/\/doit.software\/sv\/it-bemanning","url":"https:\/\/doit.software\/sv\/it-bemanning","name":"Tj\u00e4nst f\u00f6r f\u00f6rst\u00e4rkning av IT-personal: hitta b\u00e4sta utvecklarna","isPartOf":{"@id":"https:\/\/doit.software\/sv#website"},"primaryImageOfPage":{"@id":"https:\/\/doit.software\/sv\/it-bemanning#primaryimage"},"image":{"@id":"https:\/\/doit.software\/sv\/it-bemanning#primaryimage"},"thumbnailUrl":"\/wp-content\/uploads\/2021\/05\/doit.software-custom-software-development-and-it-staff-augmentation.jpg","datePublished":"2021-03-19T08:51:13+00:00","dateModified":"2024-02-07T17:52:52+00:00","description":"F\u00f6rst\u00e4rk ditt team och p\u00e5skynda din produktlansering med n\u00f6dv\u00e4ndig expertis genom att anlita de 5 % b\u00e4sta utvecklarna.","breadcrumb":{"@id":"https:\/\/doit.software\/sv\/it-bemanning#breadcrumb"},"inLanguage":"sv-SV","potentialAction":[{"@type":"ReadAction","target":["https:\/\/doit.software\/sv\/it-bemanning"]}]},{"@type":"ImageObject","inLanguage":"sv-SV","@id":"https:\/\/doit.software\/sv\/it-bemanning#primaryimage","url":"\/wp-content\/uploads\/2021\/05\/doit.software-custom-software-development-and-it-staff-augmentation.jpg","contentUrl":"\/wp-content\/uploads\/2021\/05\/doit.software-custom-software-development-and-it-staff-augmentation.jpg","width":1200,"height":628,"caption":"doit.software custom software development and it staff augmentation"},{"@type":"BreadcrumbList","@id":"https:\/\/doit.software\/sv\/it-bemanning#breadcrumb","itemListElement":[{"@type":"ListItem","position":1,"name":"Home","item":"https:\/\/doit.software\/sv"},{"@type":"ListItem","position":2,"name":"Tj\u00e4nst f\u00f6r f\u00f6rst\u00e4rkning av IT-personal"}]},{"@type":"WebSite","@id":"https:\/\/doit.software\/sv#website","url":"https:\/\/doit.software\/sv","name":"DOIT Software","description":"IT Staff Augmentation Company","publisher":{"@id":"https:\/\/doit.software\/sv#organization"},"potentialAction":[{"@type":"SearchAction","target":{"@type":"EntryPoint","urlTemplate":"https:\/\/doit.software\/sv?s={search_term_string}"},"query-input":{"@type":"PropertyValueSpecification","valueRequired":true,"valueName":"search_term_string"}}],"inLanguage":"sv-SV"},{"@type":"Organization","@id":"https:\/\/doit.software\/sv#organization","name":"DOIT Software","url":"https:\/\/doit.software\/sv","logo":{"@type":"ImageObject","inLanguage":"sv-SV","@id":"https:\/\/doit.software\/sv#\/schema\/logo\/image\/","url":"\/wp-content\/uploads\/2024\/08\/safari-pinned-tab.svg","contentUrl":"\/wp-content\/uploads\/2024\/08\/safari-pinned-tab.svg","width":128,"height":128,"caption":"DOIT Software"},"image":{"@id":"https:\/\/doit.software\/sv#\/schema\/logo\/image\/"}}]}},"_links":{"self":[{"href":"https:\/\/doit.software\/sv\/wp-json\/wp\/v2\/pages\/11344","targetHints":{"allow":["GET"]}}],"collection":[{"href":"https:\/\/doit.software\/sv\/wp-json\/wp\/v2\/pages"}],"about":[{"href":"https:\/\/doit.software\/sv\/wp-json\/wp\/v2\/types\/page"}],"author":[{"embeddable":true,"href":"https:\/\/doit.software\/sv\/wp-json\/wp\/v2\/users\/1"}],"replies":[{"embeddable":true,"href":"https:\/\/doit.software\/sv\/wp-json\/wp\/v2\/comments?post=11344"}],"version-history":[{"count":0,"href":"https:\/\/doit.software\/sv\/wp-json\/wp\/v2\/pages\/11344\/revisions"}],"wp:featuredmedia":[{"embeddable":true,"href":"https:\/\/doit.software\/sv\/wp-json\/wp\/v2\/media\/5524"}],"wp:attachment":[{"href":"https:\/\/doit.software\/sv\/wp-json\/wp\/v2\/media?parent=11344"}],"curies":[{"name":"wp","href":"https:\/\/api.w.org\/{rel}","templated":true}]}}