{"id":6954,"date":"2021-02-01T08:46:40","date_gmt":"2021-02-01T08:46:40","guid":{"rendered":"https:\/\/doit.software\/contact"},"modified":"2025-01-09T08:39:06","modified_gmt":"2025-01-09T14:39:06","slug":"kontakt","status":"publish","type":"page","link":"https:\/\/doit.software\/no\/kontakt","title":{"rendered":"Kontakt Oss"},"content":{"rendered":"","protected":false},"excerpt":{"rendered":"","protected":false},"author":1,"featured_media":5523,"parent":0,"menu_order":0,"comment_status":"closed","ping_status":"closed","template":"","meta":{"inline_featured_image":false,"footnotes":""},"class_list":["post-6954","page","type-page","status-publish","has-post-thumbnail","hentry"],"acf":[],"yoast_head":"<!-- This site is optimized with the Yoast SEO plugin v26.9 - https:\/\/yoast.com\/product\/yoast-seo-wordpress\/ -->\n<title>Kontakt Oss | DOIT<\/title>\n<meta name=\"description\" content=\"Kontakt DOIT Software for \u00e5 finne de beste teknologil\u00f8sningene. F\u00e5 rask hjelp med utvikling, bemanning og programvareprosjekter.\" \/>\n<meta name=\"robots\" content=\"index, follow, max-snippet:-1, max-image-preview:large, max-video-preview:-1\" \/>\n<link rel=\"canonical\" href=\"https:\/\/doit.software\/no\/kontakt\" \/>\n<meta property=\"og:locale\" content=\"en_US\" \/>\n<meta property=\"og:type\" content=\"article\" \/>\n<meta property=\"og:title\" content=\"Kontakt Oss | DOIT\" \/>\n<meta property=\"og:description\" content=\"Kontakt DOIT Software for \u00e5 finne de beste teknologil\u00f8sningene. F\u00e5 rask hjelp med utvikling, bemanning og programvareprosjekter.\" \/>\n<meta property=\"og:url\" content=\"https:\/\/doit.software\/no\/kontakt\" \/>\n<meta property=\"og:site_name\" content=\"DOIT\" \/>\n<meta property=\"article:modified_time\" content=\"2025-01-09T14:39:06+00:00\" \/>\n<meta property=\"og:image\" content=\"https:\/\/doit.software\/wp-content\/uploads\/2021\/05\/doit.software-custom-software-development-and-it-staff-augmentation.jpg\" \/>\n\t<meta property=\"og:image:width\" content=\"1200\" \/>\n\t<meta property=\"og:image:height\" content=\"628\" \/>\n\t<meta property=\"og:image:type\" content=\"image\/jpeg\" \/>\n<meta name=\"twitter:card\" content=\"summary_large_image\" \/>\n<meta name=\"twitter:label1\" content=\"Est. reading time\" \/>\n\t<meta name=\"twitter:data1\" content=\"1 minute\" \/>\n<script type=\"application\/ld+json\" class=\"yoast-schema-graph\">{\"@context\":\"https:\/\/schema.org\",\"@graph\":[{\"@type\":\"WebPage\",\"@id\":\"https:\/\/doit.software\/no\/kontakt\",\"url\":\"https:\/\/doit.software\/no\/kontakt\",\"name\":\"Kontakt Oss | DOIT\",\"isPartOf\":{\"@id\":\"https:\/\/doit.software\/no#website\"},\"primaryImageOfPage\":{\"@id\":\"https:\/\/doit.software\/no\/kontakt#primaryimage\"},\"image\":{\"@id\":\"https:\/\/doit.software\/no\/kontakt#primaryimage\"},\"thumbnailUrl\":\"\/wp-content\/uploads\/2021\/05\/doit.software-custom-software-development-and-it-staff-augmentation.jpg\",\"datePublished\":\"2021-02-01T08:46:40+00:00\",\"dateModified\":\"2025-01-09T14:39:06+00:00\",\"description\":\"Kontakt DOIT Software for \u00e5 finne de beste teknologil\u00f8sningene. F\u00e5 rask hjelp med utvikling, bemanning og programvareprosjekter.\",\"breadcrumb\":{\"@id\":\"https:\/\/doit.software\/no\/kontakt#breadcrumb\"},\"inLanguage\":\"no-NO\",\"potentialAction\":[{\"@type\":\"ReadAction\",\"target\":[\"https:\/\/doit.software\/no\/kontakt\"]}]},{\"@type\":\"ImageObject\",\"inLanguage\":\"no-NO\",\"@id\":\"https:\/\/doit.software\/no\/kontakt#primaryimage\",\"url\":\"\/wp-content\/uploads\/2021\/05\/doit.software-custom-software-development-and-it-staff-augmentation.jpg\",\"contentUrl\":\"\/wp-content\/uploads\/2021\/05\/doit.software-custom-software-development-and-it-staff-augmentation.jpg\",\"width\":1200,\"height\":628,\"caption\":\"doit.software custom software development and it staff augmentation\"},{\"@type\":\"BreadcrumbList\",\"@id\":\"https:\/\/doit.software\/no\/kontakt#breadcrumb\",\"itemListElement\":[{\"@type\":\"ListItem\",\"position\":1,\"name\":\"Home\",\"item\":\"https:\/\/doit.software\/no\"},{\"@type\":\"ListItem\",\"position\":2,\"name\":\"Kontakt Oss\"}]},{\"@type\":\"WebSite\",\"@id\":\"https:\/\/doit.software\/no#website\",\"url\":\"https:\/\/doit.software\/no\",\"name\":\"DOIT Software\",\"description\":\"IT Staff Augmentation Company\",\"publisher\":{\"@id\":\"https:\/\/doit.software\/no#organization\"},\"potentialAction\":[{\"@type\":\"SearchAction\",\"target\":{\"@type\":\"EntryPoint\",\"urlTemplate\":\"https:\/\/doit.software\/no?s={search_term_string}\"},\"query-input\":{\"@type\":\"PropertyValueSpecification\",\"valueRequired\":true,\"valueName\":\"search_term_string\"}}],\"inLanguage\":\"no-NO\"},{\"@type\":\"Organization\",\"@id\":\"https:\/\/doit.software\/no#organization\",\"name\":\"DOIT Software\",\"url\":\"https:\/\/doit.software\/no\",\"logo\":{\"@type\":\"ImageObject\",\"inLanguage\":\"no-NO\",\"@id\":\"https:\/\/doit.software\/no#\/schema\/logo\/image\/\",\"url\":\"\/wp-content\/uploads\/2024\/08\/safari-pinned-tab.svg\",\"contentUrl\":\"\/wp-content\/uploads\/2024\/08\/safari-pinned-tab.svg\",\"width\":128,\"height\":128,\"caption\":\"DOIT Software\"},\"image\":{\"@id\":\"https:\/\/doit.software\/no#\/schema\/logo\/image\/\"}}]}<\/script>\n<!-- \/ Yoast SEO plugin. -->","yoast_head_json":{"title":"Kontakt Oss | DOIT","description":"Kontakt DOIT Software for \u00e5 finne de beste teknologil\u00f8sningene. F\u00e5 rask hjelp med utvikling, bemanning og programvareprosjekter.","robots":{"index":"index","follow":"follow","max-snippet":"max-snippet:-1","max-image-preview":"max-image-preview:large","max-video-preview":"max-video-preview:-1"},"canonical":"https:\/\/doit.software\/no\/kontakt","og_locale":"en_US","og_type":"article","og_title":"Kontakt Oss | DOIT","og_description":"Kontakt DOIT Software for \u00e5 finne de beste teknologil\u00f8sningene. F\u00e5 rask hjelp med utvikling, bemanning og programvareprosjekter.","og_url":"https:\/\/doit.software\/no\/kontakt","og_site_name":"DOIT","article_modified_time":"2025-01-09T14:39:06+00:00","og_image":[{"width":1200,"height":628,"url":"https:\/\/doit.software\/wp-content\/uploads\/2021\/05\/doit.software-custom-software-development-and-it-staff-augmentation.jpg","type":"image\/jpeg"}],"twitter_card":"summary_large_image","twitter_misc":{"Est. reading time":"1 minute"},"schema":{"@context":"https:\/\/schema.org","@graph":[{"@type":"WebPage","@id":"https:\/\/doit.software\/no\/kontakt","url":"https:\/\/doit.software\/no\/kontakt","name":"Kontakt Oss | DOIT","isPartOf":{"@id":"https:\/\/doit.software\/no#website"},"primaryImageOfPage":{"@id":"https:\/\/doit.software\/no\/kontakt#primaryimage"},"image":{"@id":"https:\/\/doit.software\/no\/kontakt#primaryimage"},"thumbnailUrl":"\/wp-content\/uploads\/2021\/05\/doit.software-custom-software-development-and-it-staff-augmentation.jpg","datePublished":"2021-02-01T08:46:40+00:00","dateModified":"2025-01-09T14:39:06+00:00","description":"Kontakt DOIT Software for \u00e5 finne de beste teknologil\u00f8sningene. F\u00e5 rask hjelp med utvikling, bemanning og programvareprosjekter.","breadcrumb":{"@id":"https:\/\/doit.software\/no\/kontakt#breadcrumb"},"inLanguage":"no-NO","potentialAction":[{"@type":"ReadAction","target":["https:\/\/doit.software\/no\/kontakt"]}]},{"@type":"ImageObject","inLanguage":"no-NO","@id":"https:\/\/doit.software\/no\/kontakt#primaryimage","url":"\/wp-content\/uploads\/2021\/05\/doit.software-custom-software-development-and-it-staff-augmentation.jpg","contentUrl":"\/wp-content\/uploads\/2021\/05\/doit.software-custom-software-development-and-it-staff-augmentation.jpg","width":1200,"height":628,"caption":"doit.software custom software development and it staff augmentation"},{"@type":"BreadcrumbList","@id":"https:\/\/doit.software\/no\/kontakt#breadcrumb","itemListElement":[{"@type":"ListItem","position":1,"name":"Home","item":"https:\/\/doit.software\/no"},{"@type":"ListItem","position":2,"name":"Kontakt Oss"}]},{"@type":"WebSite","@id":"https:\/\/doit.software\/no#website","url":"https:\/\/doit.software\/no","name":"DOIT Software","description":"IT Staff Augmentation Company","publisher":{"@id":"https:\/\/doit.software\/no#organization"},"potentialAction":[{"@type":"SearchAction","target":{"@type":"EntryPoint","urlTemplate":"https:\/\/doit.software\/no?s={search_term_string}"},"query-input":{"@type":"PropertyValueSpecification","valueRequired":true,"valueName":"search_term_string"}}],"inLanguage":"no-NO"},{"@type":"Organization","@id":"https:\/\/doit.software\/no#organization","name":"DOIT Software","url":"https:\/\/doit.software\/no","logo":{"@type":"ImageObject","inLanguage":"no-NO","@id":"https:\/\/doit.software\/no#\/schema\/logo\/image\/","url":"\/wp-content\/uploads\/2024\/08\/safari-pinned-tab.svg","contentUrl":"\/wp-content\/uploads\/2024\/08\/safari-pinned-tab.svg","width":128,"height":128,"caption":"DOIT Software"},"image":{"@id":"https:\/\/doit.software\/no#\/schema\/logo\/image\/"}}]}},"_links":{"self":[{"href":"https:\/\/doit.software\/no\/wp-json\/wp\/v2\/pages\/6954","targetHints":{"allow":["GET"]}}],"collection":[{"href":"https:\/\/doit.software\/no\/wp-json\/wp\/v2\/pages"}],"about":[{"href":"https:\/\/doit.software\/no\/wp-json\/wp\/v2\/types\/page"}],"author":[{"embeddable":true,"href":"https:\/\/doit.software\/no\/wp-json\/wp\/v2\/users\/1"}],"replies":[{"embeddable":true,"href":"https:\/\/doit.software\/no\/wp-json\/wp\/v2\/comments?post=6954"}],"version-history":[{"count":0,"href":"https:\/\/doit.software\/no\/wp-json\/wp\/v2\/pages\/6954\/revisions"}],"wp:featuredmedia":[{"embeddable":true,"href":"https:\/\/doit.software\/no\/wp-json\/wp\/v2\/media\/5523"}],"wp:attachment":[{"href":"https:\/\/doit.software\/no\/wp-json\/wp\/v2\/media?parent=6954"}],"curies":[{"name":"wp","href":"https:\/\/api.w.org\/{rel}","templated":true}]}}